{"id":11092,"date":"2025-02-28T10:14:23","date_gmt":"2025-02-28T07:14:23","guid":{"rendered":"https:\/\/uttsfikretpetrol.com.tr\/?page_id=11092"},"modified":"2025-02-28T10:28:42","modified_gmt":"2025-02-28T07:28:42","slug":"icerikler-utts-montaji-nasil-yapilir-2","status":"publish","type":"page","link":"https:\/\/uttsfikretpetrol.com.tr\/tr\/icerikler-utts-montaji-nasil-yapilir-2\/","title":{"rendered":"UTTS Montaj\u0131 Nas\u0131l Yap\u0131l\u0131r?"},"content":{"rendered":"\t\t<div data-elementor-type=\"wp-page\" data-elementor-id=\"11092\" class=\"elementor elementor-11092\" data-elementor-post-type=\"page\">\n\t\t\t\t<div class=\"elementor-element elementor-element-8475296 e-flex e-con-boxed e-con e-parent\" data-id=\"8475296\" data-element_type=\"container\" data-e-type=\"container\">\n\t\t\t\t\t<div class=\"e-con-inner\">\n\t\t\t\t<div class=\"elementor-element elementor-element-1d987c0 elementor-widget elementor-widget-elementskit-heading\" data-id=\"1d987c0\" data-element_type=\"widget\" data-e-type=\"widget\" data-settings=\"{&quot;ekit_we_effect_on&quot;:&quot;none&quot;}\" data-widget_type=\"elementskit-heading.default\">\n\t\t\t\t<div class=\"elementor-widget-container\">\n\t\t\t\t\t<div class=\"ekit-wid-con\" ><div class=\"ekit-heading elementskit-section-title-wraper text_center   ekit_heading_tablet-   ekit_heading_mobile-\"><h1 class=\"ekit-heading--title elementskit-section-title \">UTTS Montaj\u0131 Nas\u0131l Yap\u0131l\u0131r?<\/h1><div class=\"ekit_heading_separetor_wraper ekit_heading_elementskit-border-divider\"><div class=\"elementskit-border-divider\"><\/div><\/div><\/div><\/div>\t\t\t\t<\/div>\n\t\t\t\t<\/div>\n\t\t\t\t<div class=\"elementor-element elementor-element-e61316a elementor-widget elementor-widget-text-editor\" data-id=\"e61316a\" data-element_type=\"widget\" data-e-type=\"widget\" data-settings=\"{&quot;ekit_we_effect_on&quot;:&quot;none&quot;}\" data-widget_type=\"text-editor.default\">\n\t\t\t\t<div class=\"elementor-widget-container\">\n\t\t\t\t\t\t\t\t\t<p>\u00a0<\/p><p>Ulusal Ta\u015f\u0131t Tan\u0131ma Sistemi (UTTS), \u00f6zellikle b\u00fcy\u00fck filolar\u0131 olan i\u015fletmeler i\u00e7in yak\u0131t al\u0131mlar\u0131n\u0131 kolayla\u015ft\u0131ran ve g\u00fcvenli\u011fi art\u0131ran \u00f6nemli bir teknolojidir. Fikret Petrol ile UTTS montaj\u0131 hem profesyonel hem de basit bir s\u00fcre\u00e7tir. A\u015fa\u011f\u0131da, UTTS montaj\u0131n\u0131n ad\u0131m ad\u0131m nas\u0131l yap\u0131ld\u0131\u011f\u0131n\u0131 a\u00e7\u0131kl\u0131yoruz.<\/p><h2><span style=\"color: #008080;\">Neden UTTS Montaj\u0131 Yap\u0131lmal\u0131?<\/span><\/h2><p>Montaj detaylar\u0131na ge\u00e7meden \u00f6nce, UTTS montaj\u0131n\u0131n neden faydal\u0131 oldu\u011funu anlamak \u00f6nemlidir:<\/p><ul><li>Otomatik Yak\u0131t Al\u0131mlar\u0131: UTTS, ara\u00e7lar\u0131n yak\u0131t istasyonlar\u0131nda otomatik olarak tan\u0131nmas\u0131n\u0131 sa\u011flar, bu da h\u0131zl\u0131 ve hatas\u0131z i\u015flemler demektir.<\/li><li>Art\u0131r\u0131lm\u0131\u015f G\u00fcvenlik: Her yak\u0131t i\u015flemi izlenir, yetkisiz al\u0131mlar\u0131 engeller.<\/li><li>Daha \u0130yi Y\u00f6netim: \u0130\u015fletmeler, yak\u0131t t\u00fcketimini daha etkili bir \u015fekilde izleyebilir, b\u00fct\u00e7eleme ve kaynak tahsisi s\u00fcre\u00e7lerinde daha bilin\u00e7li kararlar alabilirler.<\/li><\/ul><h2><span style=\"color: #008080;\">\u0130lk De\u011ferlendirme<\/span><\/h2><p>Montaj s\u00fcreci ba\u015flamadan \u00f6nce, bir Fikret Petrol uzman\u0131 filoyu de\u011ferlendirir ve ara\u00e7lar\u0131n \u00f6zel ihtiya\u00e7lar\u0131n\u0131 belirler. Bu de\u011ferlendirme \u015funlar\u0131 i\u00e7erir:<\/p><ul><li>Ara\u00e7 t\u00fcrlerini ve yak\u0131t gereksinimlerini kontrol etme.<\/li><li>Ka\u00e7 arac\u0131n UTTS cihazlar\u0131yla donat\u0131lmas\u0131 gerekti\u011fini belirleme.<\/li><li>Her ara\u00e7 i\u00e7in UTTS etiketlerinin veya cihazlar\u0131n\u0131n en uygun yerini tespit etme.<\/li><\/ul><p>Bu de\u011ferlendirme, her arac\u0131n sistemle sorunsuz \u00e7al\u0131\u015fmas\u0131n\u0131 sa\u011flamak i\u00e7in montaj\u0131n en iyi \u015fekilde yap\u0131lmas\u0131na yard\u0131mc\u0131 olur.<\/p><h2><span style=\"color: #008080;\">UTTS Gerekli Ekipmanlar\u0131n Haz\u0131rlanmas\u0131<\/span><\/h2><p>De\u011ferlendirme tamamland\u0131ktan sonra, gerekli UTTS cihazlar\u0131 veya etiketleri haz\u0131rlan\u0131r. Bu cihazlar \u015funlar\u0131 i\u00e7erir:<\/p><ul><li>RFID Etiketleri veya Vericiler: Ara\u00e7lara tak\u0131larak yak\u0131t istasyonlar\u0131nda otomatik tan\u0131mlama sa\u011flar.<\/li><li>Kontrol \u00dcniteleri: Filonun tipine ba\u011fl\u0131 olarak, ara\u00e7 ve UTTS sistemi aras\u0131ndaki entegrasyonu sa\u011flamak i\u00e7in ek kontrol \u00fcniteleri tak\u0131labilir.<\/li><li>T\u00fcm cihazlar, montajdan \u00f6nce i\u015flevsellik a\u00e7\u0131s\u0131ndan test edilir.<\/li><\/ul><h2><span style=\"color: #008080;\">Ara\u00e7lara UTTS Cihazlar\u0131n\u0131n Montaj\u0131<\/span><\/h2><p>Bir sonraki ad\u0131m, UTTS cihazlar\u0131n\u0131n do\u011frudan ara\u00e7lara monte edilmesidir. Bu s\u00fcre\u00e7 \u015funlar\u0131 i\u00e7erir:<\/p><ul><li>RFID Etiketlerinin veya Vericilerin Tak\u0131lmas\u0131: Bu etiketler, genellikle yak\u0131t deposu veya \u00f6n cam yak\u0131nlar\u0131na g\u00fcvenli bir \u015fekilde yerle\u015ftirilir.<\/li><li>Kontrol \u00dcnitelerinin Ba\u011flanmas\u0131 (gerekirse): Baz\u0131 filolar, arac\u0131n sistemleri ile UTTS a\u011f\u0131 aras\u0131ndaki ba\u011flant\u0131y\u0131 sa\u011flamak i\u00e7in ek kontrol \u00fcnitelerine ihtiya\u00e7 duyar.<\/li><li>Teknisyenlerimiz, cihazlar\u0131n g\u00fcvenli ve ara\u00e7lara zarar vermeden yerle\u015ftirilmesini sa\u011flar.<\/li><\/ul><h2><span style=\"color: #008080;\">UTTS Sistem Entegrasyonu ve Testler<\/span><\/h2><p>Cihazlar monte edildikten sonra, ekibimiz sistemi test eder. Bu testler \u015funlar\u0131 i\u00e7erir:<\/p><ul><li>Yak\u0131t \u0130stasyonlar\u0131ndaki Tan\u0131mlaman\u0131n Test Edilmesi: Arac\u0131n etiketi veya vericisi, kat\u0131l\u0131mc\u0131 yak\u0131t istasyonlar\u0131nda do\u011fru \u015fekilde tan\u0131n\u0131p tan\u0131nmad\u0131\u011f\u0131 kontrol edilir.<\/li><li>UTTS ile \u0130leti\u015fim Kontrol\u00fc: (Kurulduysa) kontrol \u00fcnitesinin ara\u00e7 ve UTTS sistemi aras\u0131ndaki ileti\u015fimi d\u00fczg\u00fcn bir \u015fekilde ger\u00e7ekle\u015ftirdi\u011finden emin olunur.<\/li><\/ul><p>Bu a\u015famada gerekli ayarlamalar yap\u0131l\u0131r ve sistemin tamamen \u00e7al\u0131\u015f\u0131r durumda oldu\u011fu teyit edilir.<\/p><h2><span style=\"color: #008080;\">UTTS E\u011fitim ve Destek Sa\u011flama<\/span><\/h2><p>Montaj sonras\u0131, Fikret Petrol s\u00fcr\u00fcc\u00fcleriniz ve filo y\u00f6neticilerinizin sistemi nas\u0131l kullanacaklar\u0131n\u0131 anlamalar\u0131n\u0131 sa\u011flamak i\u00e7in e\u011fitim sunar. Bu e\u011fitim \u015funlar\u0131 kapsar:<\/p><ul><li>Yak\u0131t \u0130stasyonlar\u0131nda UTTS Kullan\u0131m\u0131: S\u00fcr\u00fcc\u00fclerin istasyona yakla\u015ft\u0131\u011f\u0131nda ne beklemeleri gerekti\u011fi ve otomatik s\u00fcrecin nas\u0131l \u00e7al\u0131\u015ft\u0131\u011f\u0131 anlat\u0131l\u0131r.<\/li><li>\u0130zleme ve Raporlama: Filo y\u00f6neticilerine, yak\u0131t t\u00fcketimini izlemek, i\u015flemleri takip etmek ve maliyetleri y\u00f6netmek i\u00e7in sistemin raporlama \u00f6zelliklerini nas\u0131l kullanacaklar\u0131 \u00f6\u011fretilir.<\/li><\/ul><p>E\u011fitimin yan\u0131 s\u0131ra, herhangi bir teknik sorun veya g\u00fcncelleme gerekti\u011finde s\u00fcrekli destek de sunmaktay\u0131z.<\/p><h2><span style=\"color: #008080;\">UTTS D\u00fczenli Bak\u0131m ve G\u00fcncellemeler<\/span><\/h2><p>UTTS sistemi az bak\u0131m gerektirse de, cihazlar\u0131n d\u00fczg\u00fcn \u00e7al\u0131\u015fmas\u0131n\u0131 sa\u011flamak \u00f6nemlidir. Fikret Petrol, periyodik kontroller sunarak:<\/p><ul><li>Cihazlar\u0131n d\u00fczg\u00fcn \u00e7al\u0131\u015ft\u0131\u011f\u0131ndan emin olur.<\/li><li>Sistem g\u00fcncellemeleri yaparak yak\u0131t istasyonlar\u0131 ve a\u011f geli\u015ftirmeleri ile uyumlulu\u011fu sa\u011flar.<\/li><li>D\u00fczenli bak\u0131m, filonuzun yak\u0131t y\u00f6netim s\u00fcrecinde kesintisiz bir performans sa\u011flar.<\/li><\/ul>\t\t\t\t\t\t\t\t<\/div>\n\t\t\t\t<\/div>\n\t\t\t\t<div class=\"elementor-element elementor-element-b4d18a8 elementor-invisible elementor-widget elementor-widget-button\" data-id=\"b4d18a8\" data-element_type=\"widget\" data-e-type=\"widget\" data-settings=\"{&quot;_animation&quot;:&quot;fadeInLeft&quot;,&quot;ekit_we_effect_on&quot;:&quot;none&quot;}\" data-widget_type=\"button.default\">\n\t\t\t\t<div class=\"elementor-widget-container\">\n\t\t\t\t\t\t\t\t\t<div class=\"elementor-button-wrapper\">\n\t\t\t\t\t<a class=\"elementor-button elementor-button-link elementor-size-sm\" href=\"\/randevu-al\/\">\n\t\t\t\t\t\t<span class=\"elementor-button-content-wrapper\">\n\t\t\t\t\t\t<span class=\"elementor-button-icon\">\n\t\t\t\t<svg aria-hidden=\"true\" class=\"e-font-icon-svg e-fas-mouse-pointer\" viewBox=\"0 0 320 512\" xmlns=\"http:\/\/www.w3.org\/2000\/svg\"><path d=\"M302.189 329.126H196.105l55.831 135.993c3.889 9.428-.555 19.999-9.444 23.999l-49.165 21.427c-9.165 4-19.443-.571-23.332-9.714l-53.053-129.136-86.664 89.138C18.729 472.71 0 463.554 0 447.977V18.299C0 1.899 19.921-6.096 30.277 5.443l284.412 292.542c11.472 11.179 3.007 31.141-12.5 31.141z\"><\/path><\/svg>\t\t\t<\/span>\n\t\t\t\t\t\t\t\t\t<span class=\"elementor-button-text\">Hemen Randevu Al<\/span>\n\t\t\t\t\t<\/span>\n\t\t\t\t\t<\/a>\n\t\t\t\t<\/div>\n\t\t\t\t\t\t\t\t<\/div>\n\t\t\t\t<\/div>\n\t\t\t\t\t<\/div>\n\t\t\t\t<\/div>\n\t\t\t\t<\/div>\n\t\t","protected":false},"excerpt":{"rendered":"<p>UTTS Montaj\u0131 Nas\u0131l Yap\u0131l\u0131r? \u00a0 Ulusal Ta\u015f\u0131t Tan\u0131ma Sistemi (UTTS), \u00f6zellikle b\u00fcy\u00fck filolar\u0131 olan i\u015fletmeler i\u00e7in yak\u0131t al\u0131mlar\u0131n\u0131 kolayla\u015ft\u0131ran ve g\u00fcvenli\u011fi art\u0131ran \u00f6nemli bir teknolojidir. Fikret Petrol ile UTTS montaj\u0131 hem profesyonel hem de basit bir s\u00fcre\u00e7tir. A\u015fa\u011f\u0131da, UTTS montaj\u0131n\u0131n ad\u0131m ad\u0131m nas\u0131l yap\u0131ld\u0131\u011f\u0131n\u0131 a\u00e7\u0131kl\u0131yoruz. Neden UTTS Montaj\u0131 Yap\u0131lmal\u0131? Montaj detaylar\u0131na ge\u00e7meden \u00f6nce, UTTS montaj\u0131n\u0131n [&hellip;]<\/p>\n","protected":false},"author":1,"featured_media":0,"parent":0,"menu_order":0,"comment_status":"closed","ping_status":"closed","template":"","meta":{"footnotes":""},"class_list":["post-11092","page","type-page","status-publish","hentry"],"rankMath":{"parentDomain":"uttsfikretpetrol.com.tr","noFollowDomains":[],"noFollowExcludeDomains":[],"noFollowExternalLinks":false,"featuredImageNotice":"\u00d6ne \u00e7\u0131kan g\u00f6rsel, Facebook ve di\u011fer sosyal medya siteleri taraf\u0131ndan al\u0131nabilmesi i\u00e7in en az 200 x 200 piksel olmal\u0131d\u0131r.","pluginReviewed":false,"postSettings":{"linkSuggestions":true,"useFocusKeyword":false},"frontEndScore":false,"postName":"icerikler-utts-montaji-nasil-yapilir-2","permalinkFormat":"https:\/\/uttsfikretpetrol.com.tr\/tr\/%pagename%\/","showLockModifiedDate":true,"assessor":{"focusKeywordLink":"https:\/\/uttsfikretpetrol.com.tr\/wp-admin\/edit.php?focus_keyword=%focus_keyword%&post_type=%post_type%","hasTOCPlugin":true,"primaryTaxonomy":false,"serpData":{"title":"","description":"","focusKeywords":"","pillarContent":false,"canonicalUrl":"","breadcrumbTitle":"","advancedRobots":[],"facebookTitle":"","facebookDescription":"","facebookImage":"","facebookImageID":"","facebookHasOverlay":false,"facebookImageOverlay":"","facebookAuthor":"","twitterCardType":"","twitterUseFacebook":true,"twitterTitle":"","twitterDescription":"","twitterImage":"","twitterImageID":"","twitterHasOverlay":false,"twitterImageOverlay":"","twitterPlayerUrl":"","twitterPlayerSize":"","twitterPlayerStream":"","twitterPlayerStreamCtype":"","twitterAppDescription":"","twitterAppIphoneName":"","twitterAppIphoneID":"","twitterAppIphoneUrl":"","twitterAppIpadName":"","twitterAppIpadID":"","twitterAppIpadUrl":"","twitterAppGoogleplayName":"","twitterAppGoogleplayID":"","twitterAppGoogleplayUrl":"","twitterAppCountry":"","robots":{"index":true},"twitterAuthor":"kullan\u0131c\u0131 ad\u0131","primaryTerm":0,"authorName":"uttsfikr@tpetr@l","titleTemplate":"%title% %sep% %sitename%","descriptionTemplate":"%excerpt%","showScoreFrontend":true,"lockModifiedDate":false},"powerWords":[],"diacritics":{"A":"[\\u0041\\u24B6\\uFF21\\u00C0\\u00C1\\u00C2\\u1EA6\\u1EA4\\u1EAA\\u1EA8\\u00C3\\u0100\\u0102\\u1EB0\\u1EAE\\u1EB4\\u1EB2\\u0226\\u01E0\\u00C4\\u01DE\\u1EA2\\u00C5\\u01FA\\u01CD\\u0200\\u0202\\u1EA0\\u1EAC\\u1EB6\\u1E00\\u0104\\u023A\\u2C6F]","AA":"[\\uA732]","AE":"[\\u00C6\\u01FC\\u01E2]","AO":"[\\uA734]","AU":"[\\uA736]","AV":"[\\uA738\\uA73A]","AY":"[\\uA73C]","B":"[\\u0042\\u24B7\\uFF22\\u1E02\\u1E04\\u1E06\\u0243\\u0182\\u0181]","C":"[\\u0043\\u24B8\\uFF23\\u0106\\u0108\\u010A\\u010C\\u00C7\\u1E08\\u0187\\u023B\\uA73E]","D":"[\\u0044\\u24B9\\uFF24\\u1E0A\\u010E\\u1E0C\\u1E10\\u1E12\\u1E0E\\u0110\\u018B\\u018A\\u0189\\uA779]","DZ":"[\\u01F1\\u01C4]","Dz":"[\\u01F2\\u01C5]","E":"[\\u0045\\u24BA\\uFF25\\u00C8\\u00C9\\u00CA\\u1EC0\\u1EBE\\u1EC4\\u1EC2\\u1EBC\\u0112\\u1E14\\u1E16\\u0114\\u0116\\u00CB\\u1EBA\\u011A\\u0204\\u0206\\u1EB8\\u1EC6\\u0228\\u1E1C\\u0118\\u1E18\\u1E1A\\u0190\\u018E]","F":"[\\u0046\\u24BB\\uFF26\\u1E1E\\u0191\\uA77B]","G":"[\\u0047\\u24BC\\uFF27\\u01F4\\u011C\\u1E20\\u011E\\u0120\\u01E6\\u0122\\u01E4\\u0193\\uA7A0\\uA77D\\uA77E]","H":"[\\u0048\\u24BD\\uFF28\\u0124\\u1E22\\u1E26\\u021E\\u1E24\\u1E28\\u1E2A\\u0126\\u2C67\\u2C75\\uA78D]","I":"[\\u0049\\u24BE\\uFF29\\u00CC\\u00CD\\u00CE\\u0128\\u012A\\u012C\\u0130\\u00CF\\u1E2E\\u1EC8\\u01CF\\u0208\\u020A\\u1ECA\\u012E\\u1E2C\\u0197]","J":"[\\u004A\\u24BF\\uFF2A\\u0134\\u0248]","K":"[\\u004B\\u24C0\\uFF2B\\u1E30\\u01E8\\u1E32\\u0136\\u1E34\\u0198\\u2C69\\uA740\\uA742\\uA744\\uA7A2]","L":"[\\u004C\\u24C1\\uFF2C\\u013F\\u0139\\u013D\\u1E36\\u1E38\\u013B\\u1E3C\\u1E3A\\u0141\\u023D\\u2C62\\u2C60\\uA748\\uA746\\uA780]","LJ":"[\\u01C7]","Lj":"[\\u01C8]","M":"[\\u004D\\u24C2\\uFF2D\\u1E3E\\u1E40\\u1E42\\u2C6E\\u019C]","N":"[\\u004E\\u24C3\\uFF2E\\u01F8\\u0143\\u00D1\\u1E44\\u0147\\u1E46\\u0145\\u1E4A\\u1E48\\u0220\\u019D\\uA790\\uA7A4]","NJ":"[\\u01CA]","Nj":"[\\u01CB]","O":"[\\u004F\\u24C4\\uFF2F\\u00D2\\u00D3\\u00D4\\u1ED2\\u1ED0\\u1ED6\\u1ED4\\u00D5\\u1E4C\\u022C\\u1E4E\\u014C\\u1E50\\u1E52\\u014E\\u022E\\u0230\\u00D6\\u022A\\u1ECE\\u0150\\u01D1\\u020C\\u020E\\u01A0\\u1EDC\\u1EDA\\u1EE0\\u1EDE\\u1EE2\\u1ECC\\u1ED8\\u01EA\\u01EC\\u00D8\\u01FE\\u0186\\u019F\\uA74A\\uA74C]","OI":"[\\u01A2]","OO":"[\\uA74E]","OU":"[\\u0222]","P":"[\\u0050\\u24C5\\uFF30\\u1E54\\u1E56\\u01A4\\u2C63\\uA750\\uA752\\uA754]","Q":"[\\u0051\\u24C6\\uFF31\\uA756\\uA758\\u024A]","R":"[\\u0052\\u24C7\\uFF32\\u0154\\u1E58\\u0158\\u0210\\u0212\\u1E5A\\u1E5C\\u0156\\u1E5E\\u024C\\u2C64\\uA75A\\uA7A6\\uA782]","S":"[\\u0053\\u24C8\\uFF33\\u1E9E\\u015A\\u1E64\\u015C\\u1E60\\u0160\\u1E66\\u1E62\\u1E68\\u0218\\u015E\\u2C7E\\uA7A8\\uA784]","T":"[\\u0054\\u24C9\\uFF34\\u1E6A\\u0164\\u1E6C\\u021A\\u0162\\u1E70\\u1E6E\\u0166\\u01AC\\u01AE\\u023E\\uA786]","TZ":"[\\uA728]","U":"[\\u0055\\u24CA\\uFF35\\u00D9\\u00DA\\u00DB\\u0168\\u1E78\\u016A\\u1E7A\\u016C\\u00DC\\u01DB\\u01D7\\u01D5\\u01D9\\u1EE6\\u016E\\u0170\\u01D3\\u0214\\u0216\\u01AF\\u1EEA\\u1EE8\\u1EEE\\u1EEC\\u1EF0\\u1EE4\\u1E72\\u0172\\u1E76\\u1E74\\u0244]","V":"[\\u0056\\u24CB\\uFF36\\u1E7C\\u1E7E\\u01B2\\uA75E\\u0245]","VY":"[\\uA760]","W":"[\\u0057\\u24CC\\uFF37\\u1E80\\u1E82\\u0174\\u1E86\\u1E84\\u1E88\\u2C72]","X":"[\\u0058\\u24CD\\uFF38\\u1E8A\\u1E8C]","Y":"[\\u0059\\u24CE\\uFF39\\u1EF2\\u00DD\\u0176\\u1EF8\\u0232\\u1E8E\\u0178\\u1EF6\\u1EF4\\u01B3\\u024E\\u1EFE]","Z":"[\\u005A\\u24CF\\uFF3A\\u0179\\u1E90\\u017B\\u017D\\u1E92\\u1E94\\u01B5\\u0224\\u2C7F\\u2C6B\\uA762]","a":"[\\u0061\\u24D0\\uFF41\\u1E9A\\u00E0\\u00E1\\u00E2\\u1EA7\\u1EA5\\u1EAB\\u1EA9\\u00E3\\u0101\\u0103\\u1EB1\\u1EAF\\u1EB5\\u1EB3\\u0227\\u01E1\\u00E4\\u01DF\\u1EA3\\u00E5\\u01FB\\u01CE\\u0201\\u0203\\u1EA1\\u1EAD\\u1EB7\\u1E01\\u0105\\u2C65\\u0250]","aa":"[\\uA733]","ae":"[\\u00E6\\u01FD\\u01E3]","ao":"[\\uA735]","au":"[\\uA737]","av":"[\\uA739\\uA73B]","ay":"[\\uA73D]","b":"[\\u0062\\u24D1\\uFF42\\u1E03\\u1E05\\u1E07\\u0180\\u0183\\u0253]","c":"[\\u0063\\u24D2\\uFF43\\u0107\\u0109\\u010B\\u010D\\u00E7\\u1E09\\u0188\\u023C\\uA73F\\u2184]","d":"[\\u0064\\u24D3\\uFF44\\u1E0B\\u010F\\u1E0D\\u1E11\\u1E13\\u1E0F\\u0111\\u018C\\u0256\\u0257\\uA77A]","dz":"[\\u01F3\\u01C6]","e":"[\\u0065\\u24D4\\uFF45\\u00E8\\u00E9\\u00EA\\u1EC1\\u1EBF\\u1EC5\\u1EC3\\u1EBD\\u0113\\u1E15\\u1E17\\u0115\\u0117\\u00EB\\u1EBB\\u011B\\u0205\\u0207\\u1EB9\\u1EC7\\u0229\\u1E1D\\u0119\\u1E19\\u1E1B\\u0247\\u025B\\u01DD]","f":"[\\u0066\\u24D5\\uFF46\\u1E1F\\u0192\\uA77C]","g":"[\\u0067\\u24D6\\uFF47\\u01F5\\u011D\\u1E21\\u011F\\u0121\\u01E7\\u0123\\u01E5\\u0260\\uA7A1\\u1D79\\uA77F]","h":"[\\u0068\\u24D7\\uFF48\\u0125\\u1E23\\u1E27\\u021F\\u1E25\\u1E29\\u1E2B\\u1E96\\u0127\\u2C68\\u2C76\\u0265]","hv":"[\\u0195]","i":"[\\u0069\\u24D8\\uFF49\\u00EC\\u00ED\\u00EE\\u0129\\u012B\\u012D\\u00EF\\u1E2F\\u1EC9\\u01D0\\u0209\\u020B\\u1ECB\\u012F\\u1E2D\\u0268\\u0131]","j":"[\\u006A\\u24D9\\uFF4A\\u0135\\u01F0\\u0249]","k":"[\\u006B\\u24DA\\uFF4B\\u1E31\\u01E9\\u1E33\\u0137\\u1E35\\u0199\\u2C6A\\uA741\\uA743\\uA745\\uA7A3]","l":"[\\u006C\\u24DB\\uFF4C\\u0140\\u013A\\u013E\\u1E37\\u1E39\\u013C\\u1E3D\\u1E3B\\u017F\\u0142\\u019A\\u026B\\u2C61\\uA749\\uA781\\uA747]","lj":"[\\u01C9]","m":"[\\u006D\\u24DC\\uFF4D\\u1E3F\\u1E41\\u1E43\\u0271\\u026F]","n":"[\\u006E\\u24DD\\uFF4E\\u01F9\\u0144\\u00F1\\u1E45\\u0148\\u1E47\\u0146\\u1E4B\\u1E49\\u019E\\u0272\\u0149\\uA791\\uA7A5]","nj":"[\\u01CC]","o":"[\\u006F\\u24DE\\uFF4F\\u00F2\\u00F3\\u00F4\\u1ED3\\u1ED1\\u1ED7\\u1ED5\\u00F5\\u1E4D\\u022D\\u1E4F\\u014D\\u1E51\\u1E53\\u014F\\u022F\\u0231\\u00F6\\u022B\\u1ECF\\u0151\\u01D2\\u020D\\u020F\\u01A1\\u1EDD\\u1EDB\\u1EE1\\u1EDF\\u1EE3\\u1ECD\\u1ED9\\u01EB\\u01ED\\u00F8\\u01FF\\u0254\\uA74B\\uA74D\\u0275]","oi":"[\\u01A3]","ou":"[\\u0223]","oo":"[\\uA74F]","p":"[\\u0070\\u24DF\\uFF50\\u1E55\\u1E57\\u01A5\\u1D7D\\uA751\\uA753\\uA755]","q":"[\\u0071\\u24E0\\uFF51\\u024B\\uA757\\uA759]","r":"[\\u0072\\u24E1\\uFF52\\u0155\\u1E59\\u0159\\u0211\\u0213\\u1E5B\\u1E5D\\u0157\\u1E5F\\u024D\\u027D\\uA75B\\uA7A7\\uA783]","s":"[\\u0073\\u24E2\\uFF53\\u015B\\u1E65\\u015D\\u1E61\\u0161\\u1E67\\u1E63\\u1E69\\u0219\\u015F\\u023F\\uA7A9\\uA785\\u1E9B]","ss":"[\\u00DF]","t":"[\\u0074\\u24E3\\uFF54\\u1E6B\\u1E97\\u0165\\u1E6D\\u021B\\u0163\\u1E71\\u1E6F\\u0167\\u01AD\\u0288\\u2C66\\uA787]","tz":"[\\uA729]","u":"[\\u0075\\u24E4\\uFF55\\u00F9\\u00FA\\u00FB\\u0169\\u1E79\\u016B\\u1E7B\\u016D\\u00FC\\u01DC\\u01D8\\u01D6\\u01DA\\u1EE7\\u016F\\u0171\\u01D4\\u0215\\u0217\\u01B0\\u1EEB\\u1EE9\\u1EEF\\u1EED\\u1EF1\\u1EE5\\u1E73\\u0173\\u1E77\\u1E75\\u0289]","v":"[\\u0076\\u24E5\\uFF56\\u1E7D\\u1E7F\\u028B\\uA75F\\u028C]","vy":"[\\uA761]","w":"[\\u0077\\u24E6\\uFF57\\u1E81\\u1E83\\u0175\\u1E87\\u1E85\\u1E98\\u1E89\\u2C73]","x":"[\\u0078\\u24E7\\uFF58\\u1E8B\\u1E8D]","y":"[\\u0079\\u24E8\\uFF59\\u1EF3\\u00FD\\u0177\\u1EF9\\u0233\\u1E8F\\u00FF\\u1EF7\\u1E99\\u1EF5\\u01B4\\u024F\\u1EFF]","z":"[\\u007A\\u24E9\\uFF5A\\u017A\\u1E91\\u017C\\u017E\\u1E93\\u1E95\\u01B6\\u0225\\u0240\\u2C6C\\uA763]"},"researchesTests":["contentHasTOC","contentHasShortParagraphs","contentHasAssets","keywordInTitle","keywordInMetaDescription","keywordInPermalink","keywordIn10Percent","keywordInContent","keywordInSubheadings","keywordInImageAlt","keywordDensity","keywordNotUsed","lengthContent","lengthPermalink","linksHasInternal","linksHasExternals","linksNotAllExternals","titleStartWithKeyword","titleSentiment","titleHasPowerWords","titleHasNumber","hasContentAI"],"hasRedirection":true,"hasBreadcrumb":false},"homeUrl":"https:\/\/uttsfikretpetrol.com.tr\/tr","objectID":11092,"objectType":"post","locale":"tr","localeFull":"tr_TR","overlayImages":{"play":{"name":"Oynatma simgesi","url":"https:\/\/uttsfikretpetrol.com.tr\/wp-content\/plugins\/seo-by-rank-math\/assets\/admin\/img\/icon-play.png","path":"\/home\/uttsfikretpetrol\/public_html\/wp-content\/plugins\/seo-by-rank-math\/assets\/admin\/img\/icon-play.png","position":"middle_center"},"gif":{"name":"GIF simgesi","url":"https:\/\/uttsfikretpetrol.com.tr\/wp-content\/plugins\/seo-by-rank-math\/assets\/admin\/img\/icon-gif.png","path":"\/home\/uttsfikretpetrol\/public_html\/wp-content\/plugins\/seo-by-rank-math\/assets\/admin\/img\/icon-gif.png","position":"middle_center"}},"defautOgImage":"https:\/\/uttsfikretpetrol.com.tr\/wp-content\/plugins\/seo-by-rank-math\/assets\/admin\/img\/social-placeholder.jpg","customPermalinks":true,"isUserRegistered":true,"autoSuggestKeywords":true,"connectSiteUrl":"https:\/\/rankmath.com\/auth?site=https%3A%2F%2Futtsfikretpetrol.com.tr%2Ftr&r=https%3A%2F%2Futtsfikretpetrol.com.tr%2Ftr%2Fwp-json%2Fwp%2Fv2%2Fpages%2F11092%3Fnonce%3D9a7f4820e5&pro=1","maxTags":100,"trendsIcon":"<svg viewBox=\"0 0 610 610\"><path d=\"M18.85,446,174.32,290.48l58.08,58.08L76.93,504a14.54,14.54,0,0,1-20.55,0L18.83,466.48a14.54,14.54,0,0,1,0-20.55Z\" style=\"fill:#4285f4\"\/><path d=\"M242.65,242.66,377.59,377.6l-47.75,47.75a14.54,14.54,0,0,1-20.55,0L174.37,290.43l47.75-47.75A14.52,14.52,0,0,1,242.65,242.66Z\" style=\"fill:#ea4335\"\/><polygon points=\"319.53 319.53 479.26 159.8 537.34 217.88 377.61 377.62 319.53 319.53\" style=\"fill:#fabb05\"\/><path d=\"M594.26,262.73V118.61h0a16.94,16.94,0,0,0-16.94-16.94H433.2a16.94,16.94,0,0,0-12,28.92L565.34,274.71h0a16.94,16.94,0,0,0,28.92-12Z\" style=\"fill:#34a853\"\/><rect width=\"610\" height=\"610\" style=\"fill:none\"\/><\/svg>","showScore":true,"siteFavIcon":"https:\/\/uttsfikretpetrol.com.tr\/wp-content\/uploads\/2025\/02\/cropped-utts-fikret-petrol-logo-1-24x24.png","canUser":{"general":false,"advanced":false,"snippet":false,"social":false,"analysis":false,"analytics":false,"content_ai":false},"showKeywordIntent":true,"isPro":true,"is_front_page":false,"trendsUpgradeLink":"https:\/\/rankmath.com\/pricing\/?utm_source=Plugin&utm_medium=CE%20General%20Tab%20Trends&utm_campaign=WP","trendsUpgradeLabel":"Y\u00fckseltin","trendsPreviewImage":"https:\/\/uttsfikretpetrol.com.tr\/wp-content\/plugins\/seo-by-rank-math\/assets\/admin\/img\/trends-preview.jpg","currentEditor":false,"homepageData":{"assessor":{"powerWords":[],"diacritics":true,"researchesTests":["contentHasTOC","contentHasShortParagraphs","contentHasAssets","keywordInTitle","keywordInMetaDescription","keywordInPermalink","keywordIn10Percent","keywordInContent","keywordInSubheadings","keywordInImageAlt","keywordDensity","keywordNotUsed","lengthContent","lengthPermalink","linksHasInternal","linksHasExternals","linksNotAllExternals","titleStartWithKeyword","titleSentiment","titleHasPowerWords","titleHasNumber","hasContentAI"],"hasBreadcrumb":false,"serpData":{"title":"%sitename% %page% %sep% %sitedesc%","description":"","titleTemplate":"%sitename% %page% %sep% %sitedesc%","descriptionTemplate":"","focusKeywords":"","breadcrumbTitle":"Home","robots":{"index":true},"advancedRobots":[],"facebookTitle":"","facebookDescription":"","facebookImage":"","facebookImageID":""}}},"tocTitle":"Table of Contents","tocExcludeHeadings":[],"listStyle":"ul"},"_links":{"self":[{"href":"https:\/\/uttsfikretpetrol.com.tr\/tr\/wp-json\/wp\/v2\/pages\/11092","targetHints":{"allow":["GET"]}}],"collection":[{"href":"https:\/\/uttsfikretpetrol.com.tr\/tr\/wp-json\/wp\/v2\/pages"}],"about":[{"href":"https:\/\/uttsfikretpetrol.com.tr\/tr\/wp-json\/wp\/v2\/types\/page"}],"author":[{"embeddable":true,"href":"https:\/\/uttsfikretpetrol.com.tr\/tr\/wp-json\/wp\/v2\/users\/1"}],"replies":[{"embeddable":true,"href":"https:\/\/uttsfikretpetrol.com.tr\/tr\/wp-json\/wp\/v2\/comments?post=11092"}],"version-history":[{"count":7,"href":"https:\/\/uttsfikretpetrol.com.tr\/tr\/wp-json\/wp\/v2\/pages\/11092\/revisions"}],"predecessor-version":[{"id":11104,"href":"https:\/\/uttsfikretpetrol.com.tr\/tr\/wp-json\/wp\/v2\/pages\/11092\/revisions\/11104"}],"wp:attachment":[{"href":"https:\/\/uttsfikretpetrol.com.tr\/tr\/wp-json\/wp\/v2\/media?parent=11092"}],"curies":[{"name":"wp","href":"https:\/\/api.w.org\/{rel}","templated":true}]}}